{"id":15897,"date":"2025-05-11T22:15:08","date_gmt":"2025-05-12T01:15:08","guid":{"rendered":"https:\/\/tehagolaweb.cl\/itpinmobiliaria\/?page_id=15897"},"modified":"2025-07-21T22:25:29","modified_gmt":"2025-07-22T01:25:29","slug":"nosotros","status":"publish","type":"page","link":"https:\/\/itpinmobiliario.cl\/itpinmobiliaria\/nosotros\/","title":{"rendered":"Nosotros"},"content":{"rendered":"\t\t<div data-elementor-type=\"wp-page\" data-elementor-id=\"15897\" class=\"elementor elementor-15897\">\n\t\t\t\t<div class=\"elementor-element elementor-element-c9a965a e-con-full e-flex wd-section-disabled e-con e-parent\" data-id=\"c9a965a\" data-element_type=\"container\">\n\t\t<div class=\"elementor-element elementor-element-b0d8fe3 e-con-full e-flex wd-section-disabled e-con e-child\" data-id=\"b0d8fe3\" data-element_type=\"container\">\n\t\t\t\t<div class=\"elementor-element elementor-element-5d3c149 elementor-widget elementor-widget-wd_text_block\" data-id=\"5d3c149\" data-element_type=\"widget\" data-widget_type=\"wd_text_block.default\">\n\t\t\t\t<div class=\"elementor-widget-container\">\n\t\t\t\t\t\t\t<div class=\"wd-text-block reset-last-child text-left\">\n\t\t\t\n\t\t\t\n\t\t\t\t\t<\/div>\n\t\t\t\t\t\t<\/div>\n\t\t\t\t<\/div>\n\t\t\t\t<div class=\"elementor-element elementor-element-69ad078 elementor-widget elementor-widget-wd_images_gallery\" data-id=\"69ad078\" data-element_type=\"widget\" data-widget_type=\"wd_images_gallery.default\">\n\t\t\t\t<div class=\"elementor-widget-container\">\n\t\t\t\t\t\t\t<div class=\"wd-images-gallery wd-justify-center wd-items-middle view-masonry photoswipe-images\" >\n\t\t\t<div class=\"gallery-images row wd-spacing-0\">\n\t\t\t\t\t\t\t\t\t\t\t\t\t\t<div class=\"wd-gallery-item  col-lg-12 col-md-12 col-12\">\n\t\t\t\t\t\t\t\t\t\t\t\t\t<a  href=\"https:\/\/itpinmobiliario.cl\/itpinmobiliaria\/wp-content\/uploads\/2025\/05\/ChatGPT-Image-11-may-2025-09_41_48-p.m.png\"data-width=\"1024\" data-height=\"1024\" data-index=\"1\" data-elementor-open-lightbox=\"no\">\n\t\t\t\t\t\t\n\t\t\t\t\t\t<img decoding=\"async\" src=\"https:\/\/itpinmobiliario.cl\/itpinmobiliaria\/wp-content\/uploads\/2025\/05\/ChatGPT-Image-11-may-2025-09_41_48-p.m-800x800.png\"alt=\"ChatGPT Image 11 may 2025, 09_41_48 p.m.\">\n\t\t\t\t\t\t\t\t\t\t\t\t\t<\/a>\n\t\t\t\t\t\t\t\t\t\t\t<\/div>\n\t\t\t\t\t\t\t\t<\/div>\n\t\t<\/div>\n\t\t\t\t\t\t<\/div>\n\t\t\t\t<\/div>\n\t\t\t\t<\/div>\n\t\t<div class=\"elementor-element elementor-element-11aa60d e-con-full e-flex wd-section-disabled e-con e-child\" data-id=\"11aa60d\" data-element_type=\"container\">\n\t\t<div class=\"elementor-element elementor-element-54b399e e-con-full e-flex wd-section-disabled e-con e-child\" data-id=\"54b399e\" data-element_type=\"container\">\n\t\t\t\t<div class=\"elementor-element elementor-element-4f70c39 elementor-widget elementor-widget-wd_title\" data-id=\"4f70c39\" data-element_type=\"widget\" data-widget_type=\"wd_title.default\">\n\t\t\t\t<div class=\"elementor-widget-container\">\n\t\t\t\t\t\t\t<div class=\"title-wrapper set-mb-s reset-last-child wd-title-color-default wd-title-style-default wd-title-size-default text-center\">\n\n\t\t\t\t\t\t\t<div class=\"title-subtitle subtitle-color-default subtitle-style-default wd-fontsize-xs\">\n\t\t\t\t\t\u00bfQui\u00e9nes Somos?\t\t\t\t<\/div>\n\t\t\t\n\t\t\t<div class=\"liner-continer\">\n\t\t\t\t<h2 class=\"woodmart-title-container title wd-fontsize-l wd-underline-colored\">Profesionalismo que te respalda en cada paso del proceso inmobiliario.<\/h2> \n\t\t\t\t\t\t\t<\/div>\n\n\t\t\t\t\t<\/div>\n\t\t\t\t\t\t<\/div>\n\t\t\t\t<\/div>\n\t\t\t\t<div class=\"elementor-element elementor-element-7680aa7 elementor-widget elementor-widget-wd_text_block\" data-id=\"7680aa7\" data-element_type=\"widget\" data-widget_type=\"wd_text_block.default\">\n\t\t\t\t<div class=\"elementor-widget-container\">\n\t\t\t\t\t\t\t<div class=\"wd-text-block reset-last-child text-left\">\n\t\t\t\n\t\t\t<p style=\"text-align: center;\" data-start=\"394\" data-end=\"732\">En <strong data-start=\"397\" data-end=\"417\">ITP Inmobiliaria<\/strong>, somos una corredora comprometida con brindar un servicio integral, transparente y confiable. Contamos con un equipo certificado y con experiencia que se encarga de todo: desde la gesti\u00f3n de documentos y tr\u00e1mites legales, hasta la publicaci\u00f3n en portales especializados, marketing digital y atenci\u00f3n personalizada.<\/p><p style=\"text-align: center;\" data-start=\"734\" data-end=\"946\">Sabemos que detr\u00e1s de cada venta hay una historia. Por eso, m\u00e1s que vender propiedades, ayudamos a concretar proyectos de vida, asegurando que cada paso del proceso sea claro, eficiente y libre de preocupaciones.<\/p>\n\t\t\t\t\t<\/div>\n\t\t\t\t\t\t<\/div>\n\t\t\t\t<\/div>\n\t\t\t\t<\/div>\n\t\t\t\t<\/div>\n\t\t\t\t<\/div>\n\t\t<div class=\"elementor-element elementor-element-89ea163 e-flex e-con-boxed wd-section-disabled e-con e-parent\" data-id=\"89ea163\" data-element_type=\"container\">\n\t\t\t\t\t<div class=\"e-con-inner\">\n\t\t<div class=\"elementor-element elementor-element-95ed70b e-con-full e-flex wd-section-disabled e-con e-child\" data-id=\"95ed70b\" data-element_type=\"container\">\n\t\t\t\t<div class=\"elementor-element elementor-element-8f4ff2c elementor-widget elementor-widget-wd_title\" data-id=\"8f4ff2c\" data-element_type=\"widget\" data-widget_type=\"wd_title.default\">\n\t\t\t\t<div class=\"elementor-widget-container\">\n\t\t\t\t\t\t\t<div class=\"title-wrapper set-mb-s reset-last-child wd-title-color-default wd-title-style-default wd-title-size-default text-center\">\n\n\t\t\t\n\t\t\t<div class=\"liner-continer\">\n\t\t\t\t<h4 class=\"woodmart-title-container title wd-fontsize-l\">Nuestro compromiso contigo<\/h4> \n\t\t\t\t\t\t\t<\/div>\n\n\t\t\t\t\t<\/div>\n\t\t\t\t\t\t<\/div>\n\t\t\t\t<\/div>\n\t\t\t\t<div class=\"elementor-element elementor-element-8d47074 elementor-widget elementor-widget-wd_text_block\" data-id=\"8d47074\" data-element_type=\"widget\" data-widget_type=\"wd_text_block.default\">\n\t\t\t\t<div class=\"elementor-widget-container\">\n\t\t\t\t\t\t\t<div class=\"wd-text-block reset-last-child text-left\">\n\t\t\t\n\t\t\t<ul><li data-start=\"984\" data-end=\"1105\"><p data-start=\"986\" data-end=\"1105\"><strong data-start=\"986\" data-end=\"1022\">Cierre seguro y trato confiable:<\/strong> Nos encargamos del proceso completo, desde la primera visita hasta la firma final.<\/p><\/li><li data-start=\"1106\" data-end=\"1218\"><p data-start=\"1108\" data-end=\"1218\"><strong data-start=\"1108\" data-end=\"1132\">Gesti\u00f3n inteligente:<\/strong> Digitalizamos cada etapa: pagos, contratos, documentaci\u00f3n y difusi\u00f3n de tu propiedad.<\/p><\/li><li data-start=\"1219\" data-end=\"1356\"><p data-start=\"1221\" data-end=\"1356\"><strong data-start=\"1221\" data-end=\"1243\">M\u00e1xima exposici\u00f3n:<\/strong> Publicamos en portales masivos, usamos marketing directo y estrategias digitales para llegar al comprador ideal.<\/p><\/li><li data-start=\"1357\" data-end=\"1479\"><p data-start=\"1359\" data-end=\"1479\"><strong data-start=\"1359\" data-end=\"1392\">Acompa\u00f1amiento personalizado:<\/strong> Estamos contigo en cada paso, resolviendo dudas y entregando asesor\u00eda clara y cercana.<\/p><\/li><li data-start=\"1480\" data-end=\"1598\"><p data-start=\"1482\" data-end=\"1598\"><strong data-start=\"1482\" data-end=\"1507\">Traslados sin estr\u00e9s:<\/strong> Contamos con vans exclusivas para notar\u00edas y visitas, porque tu comodidad tambi\u00e9n importa.<\/p><\/li><\/ul>\n\t\t\t\t\t<\/div>\n\t\t\t\t\t\t<\/div>\n\t\t\t\t<\/div>\n\t\t\t\t<\/div>\n\t\t<div class=\"elementor-element elementor-element-2744147 e-con-full e-flex wd-section-disabled e-con e-child\" data-id=\"2744147\" data-element_type=\"container\">\n\t\t\t\t<div class=\"elementor-element elementor-element-7341515 elementor-widget elementor-widget-wd_image_or_svg\" data-id=\"7341515\" data-element_type=\"widget\" data-widget_type=\"wd_image_or_svg.default\">\n\t\t\t\t<div class=\"elementor-widget-container\">\n\t\t\t\t\t\n\t\t<div class=\"wd-image text-left\">\n\t\t\t\t\t\t\t\t<img fetchpriority=\"high\" decoding=\"async\" width=\"768\" height=\"696\" src=\"https:\/\/itpinmobiliario.cl\/itpinmobiliaria\/wp-content\/uploads\/2025\/07\/Nuestro-compromiso-contigo-768x696.png\" class=\"attachment-medium_large size-medium_large\" alt=\"Nuestro Compromiso contigo\" srcset=\"https:\/\/itpinmobiliario.cl\/itpinmobiliaria\/wp-content\/uploads\/2025\/07\/Nuestro-compromiso-contigo-768x696.png 768w, https:\/\/itpinmobiliario.cl\/itpinmobiliaria\/wp-content\/uploads\/2025\/07\/Nuestro-compromiso-contigo-331x300.png 331w, https:\/\/itpinmobiliario.cl\/itpinmobiliaria\/wp-content\/uploads\/2025\/07\/Nuestro-compromiso-contigo-883x800.png 883w, https:\/\/itpinmobiliario.cl\/itpinmobiliaria\/wp-content\/uploads\/2025\/07\/Nuestro-compromiso-contigo-860x779.png 860w, https:\/\/itpinmobiliario.cl\/itpinmobiliaria\/wp-content\/uploads\/2025\/07\/Nuestro-compromiso-contigo-430x390.png 430w, https:\/\/itpinmobiliario.cl\/itpinmobiliaria\/wp-content\/uploads\/2025\/07\/Nuestro-compromiso-contigo-700x634.png 700w, https:\/\/itpinmobiliario.cl\/itpinmobiliaria\/wp-content\/uploads\/2025\/07\/Nuestro-compromiso-contigo-150x136.png 150w, https:\/\/itpinmobiliario.cl\/itpinmobiliaria\/wp-content\/uploads\/2025\/07\/Nuestro-compromiso-contigo.png 1024w\" sizes=\"(max-width: 768px) 100vw, 768px\" \/>\t\t\t\t\t<\/div>\n\n\t\t\t\t\t\t<\/div>\n\t\t\t\t<\/div>\n\t\t\t\t<\/div>\n\t\t\t\t\t<\/div>\n\t\t\t\t<\/div>\n\t\t<div class=\"elementor-element elementor-element-3fc6bb3 e-flex e-con-boxed wd-section-disabled e-con e-parent\" data-id=\"3fc6bb3\" data-element_type=\"container\">\n\t\t\t\t\t<div class=\"e-con-inner\">\n\t\t\t\t\t<\/div>\n\t\t\t\t<\/div>\n\t\t\t\t<\/div>\n\t\t","protected":false},"excerpt":{"rendered":"<p>\u00bfQui\u00e9nes Somos? Profesionalismo que te respalda en cada paso del proceso inmobiliario. En ITP Inmobiliaria, somos una corredora comprometida con<\/p>\n","protected":false},"author":2,"featured_media":0,"parent":0,"menu_order":0,"comment_status":"closed","ping_status":"closed","template":"","meta":{"footnotes":""},"class_list":["post-15897","page","type-page","status-publish","hentry"],"_links":{"self":[{"href":"https:\/\/itpinmobiliario.cl\/itpinmobiliaria\/wp-json\/wp\/v2\/pages\/15897","targetHints":{"allow":["GET"]}}],"collection":[{"href":"https:\/\/itpinmobiliario.cl\/itpinmobiliaria\/wp-json\/wp\/v2\/pages"}],"about":[{"href":"https:\/\/itpinmobiliario.cl\/itpinmobiliaria\/wp-json\/wp\/v2\/types\/page"}],"author":[{"embeddable":true,"href":"https:\/\/itpinmobiliario.cl\/itpinmobiliaria\/wp-json\/wp\/v2\/users\/2"}],"replies":[{"embeddable":true,"href":"https:\/\/itpinmobiliario.cl\/itpinmobiliaria\/wp-json\/wp\/v2\/comments?post=15897"}],"version-history":[{"count":26,"href":"https:\/\/itpinmobiliario.cl\/itpinmobiliaria\/wp-json\/wp\/v2\/pages\/15897\/revisions"}],"predecessor-version":[{"id":15981,"href":"https:\/\/itpinmobiliario.cl\/itpinmobiliaria\/wp-json\/wp\/v2\/pages\/15897\/revisions\/15981"}],"wp:attachment":[{"href":"https:\/\/itpinmobiliario.cl\/itpinmobiliaria\/wp-json\/wp\/v2\/media?parent=15897"}],"curies":[{"name":"wp","href":"https:\/\/api.w.org\/{rel}","templated":true}]}}